{"id":768,"date":"2024-04-15T14:38:44","date_gmt":"2024-04-15T14:38:44","guid":{"rendered":"https:\/\/ovaquintet.nl\/press-och-teknikinformation\/"},"modified":"2024-12-07T08:12:57","modified_gmt":"2024-12-07T08:12:57","slug":"info","status":"publish","type":"page","link":"https:\/\/ovaquintet.nl\/sv\/info\/","title":{"rendered":"info"},"content":{"rendered":"<p>[et_pb_section fb_built=&#8221;1&#8243; _builder_version=&#8221;4.24.2&#8243; _module_preset=&#8221;default&#8221; global_colors_info=&#8221;{}&#8221;][et_pb_row _builder_version=&#8221;4.25.2&#8243; _module_preset=&#8221;default&#8221; global_colors_info=&#8221;{}&#8221;][et_pb_column type=&#8221;4_4&#8243; _builder_version=&#8221;4.25.2&#8243; _module_preset=&#8221;default&#8221; global_colors_info=&#8221;{}&#8221;][et_pb_text _builder_version=&#8221;4.25.2&#8243; _module_preset=&#8221;default&#8221; hover_enabled=&#8221;0&#8243; global_colors_info=&#8221;{}&#8221; sticky_enabled=&#8221;0&#8243;]<\/p>\n<p style=\"text-align: right;\"><a href=\"https:\/\/ovaquintet.nl\/sv\/info\/?lang=sv\">Nederlands<\/a> | <a href=\"https:\/\/ovaquintet.nl\/sv\/info\/?lang=sv\">English <\/a> | <a href=\"https:\/\/ovaquintet.nl\/sv\/info\/?lang=sv\">Espa\u00f1iol<\/a> | <a href=\"https:\/\/ovaquintet.nl\/sv\/info\/?lang=sv\">Svenska | <\/a><strong><a href=\"https:\/\/ovaquintet.nl\/?lang=sv\">Tillbaka till webbplatsen<\/a><\/strong><\/p>\n<p>[\/et_pb_text][\/et_pb_column][\/et_pb_row][et_pb_row _builder_version=&#8221;4.24.2&#8243; _module_preset=&#8221;default&#8221; global_colors_info=&#8221;{}&#8221;][et_pb_column type=&#8221;4_4&#8243; _builder_version=&#8221;4.24.2&#8243; _module_preset=&#8221;default&#8221; global_colors_info=&#8221;{}&#8221;][et_pb_text _builder_version=&#8221;4.24.2&#8243; _module_preset=&#8221;default&#8221; global_colors_info=&#8221;{}&#8221;]<\/p>\n<h1>Ova Quintet Teknisk information och pressinformation<\/h1>\n<p>[\/et_pb_text][\/et_pb_column][\/et_pb_row][et_pb_row column_structure=&#8221;1_5,1_5,3_5&#8243; _builder_version=&#8221;4.24.2&#8243; _module_preset=&#8221;default&#8221; global_colors_info=&#8221;{}&#8221;][et_pb_column type=&#8221;1_5&#8243; _builder_version=&#8221;4.24.2&#8243; _module_preset=&#8221;default&#8221; global_colors_info=&#8221;{}&#8221;][et_pb_image src=&#8221;https:\/\/ovaquintet.nl\/wp-content\/uploads\/2024\/12\/OvaQuintet2024_2_Small.jpg&#8221; title_text=&#8221;OvaQuintet2024_2_Small&#8221; _builder_version=&#8221;4.25.2&#8243; _module_preset=&#8221;default&#8221; custom_margin=&#8221;||8px|||&#8221; custom_css_free_form=&#8221;pointer-events: none;&#8221; box_shadow_style=&#8221;preset1&#8243; global_colors_info=&#8221;{}&#8221;][\/et_pb_image][et_pb_button button_url=&#8221;https:\/\/ovaquintet.nl\/wp-content\/uploads\/2024\/12\/OvaQuintet2024_2.jpg&#8221; button_text=&#8221;Ladda ner bild&#8221; button_alignment=&#8221;center&#8221; _builder_version=&#8221;4.25.2&#8243; _module_preset=&#8221;default&#8221; custom_button=&#8221;on&#8221; button_text_size=&#8221;14px&#8221; button_text_color=&#8221;#FFFFFF&#8221; button_bg_color=&#8221;#0C71C3&#8243; button_border_width=&#8221;0px&#8221; button_icon=&#8221;&#xe071;||divi||400&#8243; button_on_hover=&#8221;off&#8221; global_colors_info=&#8221;{}&#8221;][\/et_pb_button][\/et_pb_column][et_pb_column type=&#8221;1_5&#8243; _builder_version=&#8221;4.24.2&#8243; _module_preset=&#8221;default&#8221; global_colors_info=&#8221;{}&#8221;][et_pb_image src=&#8221;https:\/\/ovaquintet.nl\/wp-content\/uploads\/2024\/12\/OvaQuintet2024_Small.jpg&#8221; title_text=&#8221;OvaQuintet2024_Small&#8221; _builder_version=&#8221;4.25.2&#8243; _module_preset=&#8221;default&#8221; custom_margin=&#8221;||8px|||&#8221; custom_css_free_form=&#8221;pointer-events: none;&#8221; box_shadow_style=&#8221;preset1&#8243; global_colors_info=&#8221;{}&#8221;][\/et_pb_image][et_pb_button button_url=&#8221;https:\/\/ovaquintet.nl\/wp-content\/uploads\/2024\/02\/OvaQuintet2024.jpg&#8221; button_text=&#8221;Ladda ner bild&#8221; button_alignment=&#8221;center&#8221; _builder_version=&#8221;4.25.2&#8243; _module_preset=&#8221;default&#8221; custom_button=&#8221;on&#8221; button_text_size=&#8221;14px&#8221; button_text_color=&#8221;#FFFFFF&#8221; button_bg_color=&#8221;#0C71C3&#8243; button_border_width=&#8221;0px&#8221; button_icon=&#8221;&#xe071;||divi||400&#8243; button_on_hover=&#8221;off&#8221; global_colors_info=&#8221;{}&#8221;][\/et_pb_button][\/et_pb_column][et_pb_column type=&#8221;3_5&#8243; _builder_version=&#8221;4.24.2&#8243; _module_preset=&#8221;default&#8221; global_colors_info=&#8221;{}&#8221;][et_pb_text _builder_version=&#8221;4.24.2&#8243; _module_preset=&#8221;default&#8221; global_colors_info=&#8221;{}&#8221;]<\/p>\n<p><strong>Ova Quintet<\/strong><\/p>\n<p>Fridfulla och eftert\u00e4nksamma landskap, d\u00e5nande moln, m\u00e4ktiga berg och muntert slingrande b\u00e4ckar \u00e4r ingredienserna i Ova Quintets musik.<\/p>\n<p>De fyra musikerna kommer alla fr\u00e5n olika musikaliska bakgrunder: Sander har sina r\u00f6tter i jazz och sydamerikansk musik p\u00e5 olika typer av gitarrer. Wilco har en klassisk bakgrund, men kan f\u00e5 sin fiol att sjunga till skandinaviens toner. Vincent har spelat irl\u00e4ndsk folkmusik p\u00e5 den diatoniska melodin och bodhr\u00e1n i m\u00e5nga, m\u00e5nga \u00e5r. Serxio v\u00e4xte upp i Galicien och har den traditionella musiken fr\u00e5n Galicien som rinner genom hans \u00e5dror och i de s\u00f6ta och upplyftande ljuden fr\u00e5n hans fl\u00f6jt. fl\u00f6jt. Ines studerade kontrabas och f\u00f6r med sig de varma ljuden fr\u00e5n Sydamerika till sin musik.<\/p>\n<p>Tillsammans bildar de<span> <\/span> Ova<em>Quintet<\/em>, med ett vackert, eklektiskt och energiskt sound som ger n\u00e4ring \u00e5t tankarna och lyfter hj\u00e4rtat.<\/p>\n<p>[\/et_pb_text][\/et_pb_column][\/et_pb_row][et_pb_row _builder_version=&#8221;4.24.2&#8243; _module_preset=&#8221;default&#8221; global_colors_info=&#8221;{}&#8221;][et_pb_column type=&#8221;4_4&#8243; _builder_version=&#8221;4.24.2&#8243; _module_preset=&#8221;default&#8221; global_colors_info=&#8221;{}&#8221;][et_pb_divider _builder_version=&#8221;4.24.2&#8243; _module_preset=&#8221;default&#8221; global_colors_info=&#8221;{}&#8221;][\/et_pb_divider][\/et_pb_column][\/et_pb_row][et_pb_row _builder_version=&#8221;4.24.2&#8243; _module_preset=&#8221;default&#8221; global_colors_info=&#8221;{}&#8221;][et_pb_column type=&#8221;4_4&#8243; _builder_version=&#8221;4.24.2&#8243; _module_preset=&#8221;default&#8221; global_colors_info=&#8221;{}&#8221;][et_pb_text _builder_version=&#8221;4.24.2&#8243; _module_preset=&#8221;default&#8221; global_colors_info=&#8221;{}&#8221;]<\/p>\n<h2>Teknisk information<\/h2>\n<p>[\/et_pb_text][\/et_pb_column][\/et_pb_row][et_pb_row column_structure=&#8221;3_5,2_5&#8243; _builder_version=&#8221;4.24.2&#8243; _module_preset=&#8221;default&#8221; global_colors_info=&#8221;{}&#8221;][et_pb_column type=&#8221;3_5&#8243; _builder_version=&#8221;4.24.2&#8243; _module_preset=&#8221;default&#8221; global_colors_info=&#8221;{}&#8221;][et_pb_text _builder_version=&#8221;4.24.2&#8243; _module_preset=&#8221;default&#8221; global_colors_info=&#8221;{}&#8221;]<\/p>\n<p>N\u00e4r det \u00e4r m\u00f6jligt f\u00f6redrar Ova Quintet att spela of\u00f6rst\u00e4rkt eller mycket l\u00e4tt f\u00f6rst\u00e4rkt. I alla situationer kommer vi att f\u00f6rst\u00e4rka kontrabasen, s\u00e5ngen och gitarren l\u00e4tt.<\/p>\n<p>Om situationen kr\u00e4ver det kan vi spela f\u00f6rst\u00e4rkt. Vi kan ta med ett PA-system som \u00e4r l\u00e4mpligt f\u00f6r en publik p\u00e5 upp till 350 personer.<\/p>\n<p>F\u00f6r mer information kontakta Vincent: <a href=\"tel:+31624637507\">+31 (0) 6 24 63 75 07<\/a> eller <a href=\"mailto:mailt0:info@ovaquintet.nl\">info@ovaquintet.nl<\/a><\/p>\n<p>[\/et_pb_text][\/et_pb_column][et_pb_column type=&#8221;2_5&#8243; _builder_version=&#8221;4.24.2&#8243; _module_preset=&#8221;default&#8221; global_colors_info=&#8221;{}&#8221;][et_pb_button button_url=&#8221;https:\/\/docs.google.com\/document\/d\/1grmRlor5r3zU8Srm90qZYBiTTjChbSzgfJmwIt0rGqs\/edit?usp=sharing&#8221; button_text=&#8221;Teknisk ryttare&#8221; _builder_version=&#8221;4.24.2&#8243; _module_preset=&#8221;default&#8221; custom_button=&#8221;on&#8221; button_text_color=&#8221;#FFFFFF&#8221; button_bg_color=&#8221;#0C71C3&#8243; button_icon=&#8221;&#xe071;||divi||400&#8243; button_on_hover=&#8221;off&#8221; global_colors_info=&#8221;{}&#8221;][\/et_pb_button][\/et_pb_column][\/et_pb_row][\/et_pb_section]<\/p>\n","protected":false},"excerpt":{"rendered":"<p>Nederlands | English | Espa\u00f1iol | Svenska | Tillbaka till webbplatsenOva Quintet Teknisk information och pressinformationOva Quintet Fridfulla och eftert\u00e4nksamma landskap, d\u00e5nande moln, m\u00e4ktiga berg och muntert slingrande b\u00e4ckar \u00e4r ingredienserna i Ova Quintets musik. De fyra musikerna kommer alla fr\u00e5n olika musikaliska bakgrunder: Sander har sina r\u00f6tter i jazz och sydamerikansk musik p\u00e5 olika [&hellip;]<\/p>\n","protected":false},"author":1,"featured_media":0,"parent":0,"menu_order":0,"comment_status":"closed","ping_status":"closed","template":"","meta":{"_et_pb_use_builder":"on","_et_pb_old_content":"","_et_gb_content_width":"","footnotes":""},"class_list":["post-768","page","type-page","status-publish","hentry"],"jetpack_sharing_enabled":true,"_links":{"self":[{"href":"https:\/\/ovaquintet.nl\/sv\/wp-json\/wp\/v2\/pages\/768","targetHints":{"allow":["GET"]}}],"collection":[{"href":"https:\/\/ovaquintet.nl\/sv\/wp-json\/wp\/v2\/pages"}],"about":[{"href":"https:\/\/ovaquintet.nl\/sv\/wp-json\/wp\/v2\/types\/page"}],"author":[{"embeddable":true,"href":"https:\/\/ovaquintet.nl\/sv\/wp-json\/wp\/v2\/users\/1"}],"replies":[{"embeddable":true,"href":"https:\/\/ovaquintet.nl\/sv\/wp-json\/wp\/v2\/comments?post=768"}],"version-history":[{"count":0,"href":"https:\/\/ovaquintet.nl\/sv\/wp-json\/wp\/v2\/pages\/768\/revisions"}],"wp:attachment":[{"href":"https:\/\/ovaquintet.nl\/sv\/wp-json\/wp\/v2\/media?parent=768"}],"curies":[{"name":"wp","href":"https:\/\/api.w.org\/{rel}","templated":true}]}}