{"id":936,"date":"2024-04-15T14:38:44","date_gmt":"2024-04-15T14:38:44","guid":{"rendered":"https:\/\/ovaquintet.nl\/info\/"},"modified":"2025-01-23T13:40:21","modified_gmt":"2025-01-23T13:40:21","slug":"info","status":"publish","type":"page","link":"https:\/\/ovaquintet.nl\/fr\/info\/","title":{"rendered":"info"},"content":{"rendered":"<p>[et_pb_section fb_built=\u00a0\u00bb1&Prime; _builder_version=\u00a0\u00bb4.24.2&Prime; _module_preset=\u00a0\u00bbdefault\u00a0\u00bb global_colors_info=\u00a0\u00bb{}\u00a0\u00bb][et_pb_row _builder_version=\u00a0\u00bb4.25.2&Prime; _module_preset=\u00a0\u00bbdefault\u00a0\u00bb global_colors_info=\u00a0\u00bb{}\u00a0\u00bb][et_pb_column type=\u00a0\u00bb4_4&Prime; _builder_version=\u00a0\u00bb4.25.2&Prime; _module_preset=\u00a0\u00bbdefault\u00a0\u00bb global_colors_info=\u00a0\u00bb{}\u00a0\u00bb][et_pb_text _builder_version=\u00a0\u00bb4.25.2&Prime; _module_preset=\u00a0\u00bbdefault\u00a0\u00bb hover_enabled=\u00a0\u00bb0&Prime; global_colors_info=\u00a0\u00bb{}\u00a0\u00bb sticky_enabled=\u00a0\u00bb0&Prime;]<\/p>\n<p style=\"text-align: right;\"><a href=\"https:\/\/ovaquintet.nl\/fr\/info\/\">Nederlands<\/a> | <a href=\"https:\/\/ovaquintet.nl\/fr\/info\/\">English <\/a> | <a href=\"https:\/\/ovaquintet.nl\/fr\/info\/\">Espa\u00f1iol<\/a> | <a href=\"https:\/\/ovaquintet.nl\/fr\/info\/\">Svenska<\/a> |<strong> <a href=\"https:\/\/ovaquintet.nl\/fr\/\">Retour au site web<\/a><\/strong><\/p>\n<p>[\/et_pb_text][\/et_pb_column][\/et_pb_row][et_pb_row _builder_version=\u00a0\u00bb4.24.2&Prime; _module_preset=\u00a0\u00bbdefault\u00a0\u00bb global_colors_info=\u00a0\u00bb{}\u00a0\u00bb][et_pb_column type=\u00a0\u00bb4_4&Prime; _builder_version=\u00a0\u00bb4.24.2&Prime; _module_preset=\u00a0\u00bbdefault\u00a0\u00bb global_colors_info=\u00a0\u00bb{}\u00a0\u00bb][et_pb_text _builder_version=\u00a0\u00bb4.24.2&Prime; _module_preset=\u00a0\u00bbdefault\u00a0\u00bb global_colors_info=\u00a0\u00bb{}\u00a0\u00bb]<\/p>\n<h1>Informations techniques et de presse d&rsquo;Ova Quintet<\/h1>\n<p>[\/et_pb_text][\/et_pb_column][\/et_pb_row][et_pb_row column_structure=\u00a0\u00bb1_5,1_5,3_5&Prime; _builder_version=\u00a0\u00bb4.24.2&Prime; _module_preset=\u00a0\u00bbdefault\u00a0\u00bb global_colors_info=\u00a0\u00bb{}\u00a0\u00bb][et_pb_column type=\u00a0\u00bb1_5&Prime; _builder_version=\u00a0\u00bb4.24.2&Prime; _module_preset=\u00a0\u00bbdefault\u00a0\u00bb global_colors_info=\u00a0\u00bb{}\u00a0\u00bb][et_pb_image src=\u00a0\u00bbhttps:\/\/ovaquintet.nl\/wp-content\/uploads\/2024\/12\/OvaQuintet2024_2_Small.jpg\u00a0\u00bb title_text=\u00a0\u00bbOvaQuintet2024_2_Small\u00a0\u00bb _builder_version=\u00a0\u00bb4.25.2&Prime; _module_preset=\u00a0\u00bbdefault\u00a0\u00bb custom_margin=\u00a0\u00bb||8px|||\u00a0\u00bb custom_css_free_form=\u00a0\u00bbpointer-events: none;\u00a0\u00bb box_shadow_style=\u00a0\u00bbpreset1&Prime; global_colors_info=\u00a0\u00bb{}\u00a0\u00bb][\/et_pb_image][et_pb_button button_url=\u00a0\u00bbhttps:\/\/ovaquintet.nl\/wp-content\/uploads\/2024\/12\/OvaQuintet2024_2.jpg\u00a0\u00bb button_text=\u00a0\u00bbT\u00e9l\u00e9charger l&#039;image\u00a0\u00bb button_alignment=\u00a0\u00bbcenter\u00a0\u00bb _builder_version=\u00a0\u00bb4.25.2&Prime; _module_preset=\u00a0\u00bbdefault\u00a0\u00bb custom_button=\u00a0\u00bbon\u00a0\u00bb button_text_size=\u00a0\u00bb14px\u00a0\u00bb button_text_color=\u00a0\u00bb#FFFFFF\u00a0\u00bb button_bg_color=\u00a0\u00bb#0C71C3&Prime; button_border_width=\u00a0\u00bb0px\u00a0\u00bb button_icon=\u00a0\u00bb&#xe071;||divi||400&Prime; button_on_hover=\u00a0\u00bboff\u00a0\u00bb global_colors_info=\u00a0\u00bb{}\u00a0\u00bb][\/et_pb_button][\/et_pb_column][et_pb_column type=\u00a0\u00bb1_5&Prime; _builder_version=\u00a0\u00bb4.24.2&Prime; _module_preset=\u00a0\u00bbdefault\u00a0\u00bb global_colors_info=\u00a0\u00bb{}\u00a0\u00bb][et_pb_image src=\u00a0\u00bbhttps:\/\/ovaquintet.nl\/wp-content\/uploads\/2024\/12\/OvaQuintet2024_Small.jpg\u00a0\u00bb title_text=\u00a0\u00bbOvaQuintet2024_Small\u00a0\u00bb _builder_version=\u00a0\u00bb4.25.2&Prime; _module_preset=\u00a0\u00bbdefault\u00a0\u00bb custom_margin=\u00a0\u00bb||8px|||\u00a0\u00bb custom_css_free_form=\u00a0\u00bbpointer-events: none;\u00a0\u00bb box_shadow_style=\u00a0\u00bbpreset1&Prime; global_colors_info=\u00a0\u00bb{}\u00a0\u00bb][\/et_pb_image][et_pb_button button_url=\u00a0\u00bbhttps:\/\/ovaquintet.nl\/wp-content\/uploads\/2024\/02\/OvaQuintet2024.jpg\u00a0\u00bb button_text=\u00a0\u00bbT\u00e9l\u00e9charger l&#039;image\u00a0\u00bb button_alignment=\u00a0\u00bbcenter\u00a0\u00bb _builder_version=\u00a0\u00bb4.25.2&Prime; _module_preset=\u00a0\u00bbdefault\u00a0\u00bb custom_button=\u00a0\u00bbon\u00a0\u00bb button_text_size=\u00a0\u00bb14px\u00a0\u00bb button_text_color=\u00a0\u00bb#FFFFFF\u00a0\u00bb button_bg_color=\u00a0\u00bb#0C71C3&Prime; button_border_width=\u00a0\u00bb0px\u00a0\u00bb button_icon=\u00a0\u00bb&#xe071;||divi||400&Prime; button_on_hover=\u00a0\u00bboff\u00a0\u00bb global_colors_info=\u00a0\u00bb{}\u00a0\u00bb][\/et_pb_button][\/et_pb_column][et_pb_column type=\u00a0\u00bb3_5&Prime; _builder_version=\u00a0\u00bb4.24.2&Prime; _module_preset=\u00a0\u00bbdefault\u00a0\u00bb global_colors_info=\u00a0\u00bb{}\u00a0\u00bb][et_pb_text _builder_version=\u00a0\u00bb4.24.2&Prime; _module_preset=\u00a0\u00bbdefault\u00a0\u00bb global_colors_info=\u00a0\u00bb{}\u00a0\u00bb]<\/p>\n<p><strong>Ova Quintet<\/strong><\/p>\n<p>Des paysages sereins et contemplatifs, des nuages tumultueux, des montagnes majestueuses et des ruisseaux serpentant joyeusement constituent les ingr\u00e9dients de la musique d&rsquo;Ova Quintet.<\/p>\n<p>Les quatre musiciens proviennent tous de milieux musicaux diff\u00e9rents : Sander poss\u00e8de des racines ancr\u00e9es dans le jazz et la musique sud-am\u00e9ricaine sur divers types de guitares. Wilco est issu d&rsquo;une formation classique mais peut faire chanter son violon sur les airs scandinaves. Vincent joue de la musique folklorique irlandaise sur l&rsquo;accord\u00e9on diatonique et le bodhr\u00e1n depuis de nombreuses ann\u00e9es. Serxio, \u00e9lev\u00e9 en Galice, a la musique traditionnelle galicienne coulant dans ses veines et dans les sons doux et exaltants de sa fl\u00fbte. Ines a \u00e9tudi\u00e9 la contrebasse et apporte les sonorit\u00e9s chaleureuses de l&rsquo;Am\u00e9rique du Sud \u00e0 la musique.    <\/p>\n<p>Ensemble, ils forment<span> <\/span><em>Ova Quintet<\/em>, avec un son magnifique, \u00e9clectique et \u00e9nergique qui nourrit les pens\u00e9es et \u00e9l\u00e8ve les c\u0153urs.<\/p>\n<p>[\/et_pb_text][\/et_pb_column][\/et_pb_row][et_pb_row _builder_version=\u00a0\u00bb4.24.2&Prime; _module_preset=\u00a0\u00bbdefault\u00a0\u00bb global_colors_info=\u00a0\u00bb{}\u00a0\u00bb][et_pb_column type=\u00a0\u00bb4_4&Prime; _builder_version=\u00a0\u00bb4.24.2&Prime; _module_preset=\u00a0\u00bbdefault\u00a0\u00bb global_colors_info=\u00a0\u00bb{}\u00a0\u00bb][et_pb_divider _builder_version=\u00a0\u00bb4.24.2&Prime; _module_preset=\u00a0\u00bbdefault\u00a0\u00bb global_colors_info=\u00a0\u00bb{}\u00a0\u00bb][\/et_pb_divider][\/et_pb_column][\/et_pb_row][et_pb_row _builder_version=\u00a0\u00bb4.24.2&Prime; _module_preset=\u00a0\u00bbdefault\u00a0\u00bb global_colors_info=\u00a0\u00bb{}\u00a0\u00bb][et_pb_column type=\u00a0\u00bb4_4&Prime; _builder_version=\u00a0\u00bb4.24.2&Prime; _module_preset=\u00a0\u00bbdefault\u00a0\u00bb global_colors_info=\u00a0\u00bb{}\u00a0\u00bb][et_pb_text _builder_version=\u00a0\u00bb4.24.2&Prime; _module_preset=\u00a0\u00bbdefault\u00a0\u00bb global_colors_info=\u00a0\u00bb{}\u00a0\u00bb]<\/p>\n<h2>Informations techniques<\/h2>\n<p>[\/et_pb_text][\/et_pb_column][\/et_pb_row][et_pb_row column_structure=\u00a0\u00bb3_5,2_5&Prime; _builder_version=\u00a0\u00bb4.24.2&Prime; _module_preset=\u00a0\u00bbdefault\u00a0\u00bb global_colors_info=\u00a0\u00bb{}\u00a0\u00bb][et_pb_column type=\u00a0\u00bb3_5&Prime; _builder_version=\u00a0\u00bb4.24.2&Prime; _module_preset=\u00a0\u00bbdefault\u00a0\u00bb global_colors_info=\u00a0\u00bb{}\u00a0\u00bb][et_pb_text _builder_version=\u00a0\u00bb4.24.2&Prime; _module_preset=\u00a0\u00bbdefault\u00a0\u00bb global_colors_info=\u00a0\u00bb{}\u00a0\u00bb]<\/p>\n<p>Dans la mesure du possible, Ova Quintet pr\u00e9f\u00e8re jouer sans amplification ou avec une amplification tr\u00e8s l\u00e9g\u00e8re. Dans toutes les situations, nous amplifions l\u00e9g\u00e8rement la contrebasse, les voix et la guitare. <\/p>\n<p>Si la situation l&rsquo;exige, nous pouvons jouer avec amplification. Nous pouvons apporter un syst\u00e8me de sonorisation adapt\u00e9 \u00e0 des audiences allant jusqu&rsquo;\u00e0 350 personnes. <\/p>\n<p>Pour plus d&rsquo;informations, veuillez contacter Vincent : <a href=\"tel:+31624637507\">+31 (0) 6 24 63 75 07<\/a> ou <a href=\"mailto:mailt0:info@ovaquintet.nl\">info@ovaquintet.nl<\/a><\/p>\n<p>[\/et_pb_text][\/et_pb_column][et_pb_column type=\u00a0\u00bb2_5&Prime; _builder_version=\u00a0\u00bb4.24.2&Prime; _module_preset=\u00a0\u00bbdefault\u00a0\u00bb global_colors_info=\u00a0\u00bb{}\u00a0\u00bb][et_pb_button button_url=\u00a0\u00bbhttps:\/\/docs.google.com\/document\/d\/1grmRlor5r3zU8Srm90qZYBiTTjChbSzgfJmwIt0rGqs\/edit?usp=sharing\u00a0\u00bb button_text=\u00a0\u00bbFiche technique\u00a0\u00bb _builder_version=\u00a0\u00bb4.24.2&Prime; _module_preset=\u00a0\u00bbdefault\u00a0\u00bb custom_button=\u00a0\u00bbon\u00a0\u00bb button_text_color=\u00a0\u00bb#FFFFFF\u00a0\u00bb button_bg_color=\u00a0\u00bb#0C71C3&Prime; button_icon=\u00a0\u00bb&#xe071;||divi||400&Prime; button_on_hover=\u00a0\u00bboff\u00a0\u00bb global_colors_info=\u00a0\u00bb{}\u00a0\u00bb][\/et_pb_button][\/et_pb_column][\/et_pb_row][\/et_pb_section]<\/p>\n","protected":false},"excerpt":{"rendered":"<p>Nederlands | English | Espa\u00f1iol | Svenska | Retour au site webInformations techniques et de presse d&rsquo;Ova QuintetOva Quintet Des paysages sereins et contemplatifs, des nuages tumultueux, des montagnes majestueuses et des ruisseaux serpentant joyeusement constituent les ingr\u00e9dients de la musique d&rsquo;Ova Quintet. Les quatre musiciens proviennent tous de milieux musicaux diff\u00e9rents : Sander poss\u00e8de [&hellip;]<\/p>\n","protected":false},"author":1,"featured_media":0,"parent":0,"menu_order":0,"comment_status":"closed","ping_status":"closed","template":"","meta":{"_et_pb_use_builder":"on","_et_pb_old_content":"","_et_gb_content_width":"","footnotes":""},"class_list":["post-936","page","type-page","status-publish","hentry"],"jetpack_sharing_enabled":true,"_links":{"self":[{"href":"https:\/\/ovaquintet.nl\/fr\/wp-json\/wp\/v2\/pages\/936","targetHints":{"allow":["GET"]}}],"collection":[{"href":"https:\/\/ovaquintet.nl\/fr\/wp-json\/wp\/v2\/pages"}],"about":[{"href":"https:\/\/ovaquintet.nl\/fr\/wp-json\/wp\/v2\/types\/page"}],"author":[{"embeddable":true,"href":"https:\/\/ovaquintet.nl\/fr\/wp-json\/wp\/v2\/users\/1"}],"replies":[{"embeddable":true,"href":"https:\/\/ovaquintet.nl\/fr\/wp-json\/wp\/v2\/comments?post=936"}],"version-history":[{"count":0,"href":"https:\/\/ovaquintet.nl\/fr\/wp-json\/wp\/v2\/pages\/936\/revisions"}],"wp:attachment":[{"href":"https:\/\/ovaquintet.nl\/fr\/wp-json\/wp\/v2\/media?parent=936"}],"curies":[{"name":"wp","href":"https:\/\/api.w.org\/{rel}","templated":true}]}}