{"id":526,"date":"2024-04-15T14:38:44","date_gmt":"2024-04-15T14:38:44","guid":{"rendered":"https:\/\/ovaquintet.nl\/prensa-e-informacion-tecnica\/"},"modified":"2025-01-22T16:09:36","modified_gmt":"2025-01-22T16:09:36","slug":"info","status":"publish","type":"page","link":"https:\/\/ovaquintet.nl\/es\/info\/","title":{"rendered":"informaci\u00f3n"},"content":{"rendered":"<p>[et_pb_section fb_built=\u00bb1&#8243; _builder_version=\u00bb4.24.2&#8243; _module_preset=\u00bbdefault\u00bb global_colors_info=\u00bb{}\u00bb][et_pb_row _builder_version=\u00bb4.25.2&#8243; _module_preset=\u00bbdefault\u00bb global_colors_info=\u00bb{}\u00bb][et_pb_column type=\u00bb4_4&#8243; _builder_version=\u00bb4.25.2&#8243; _module_preset=\u00bbdefault\u00bb global_colors_info=\u00bb{}\u00bb][et_pb_text _builder_version=\u00bb4.25.2&#8243; _module_preset=\u00bbdefault\u00bb hover_enabled=\u00bb0&#8243; global_colors_info=\u00bb{}\u00bb sticky_enabled=\u00bb0&#8243;]<\/p>\n<p style=\"text-align: right;\"><a href=\"https:\/\/ovaquintet.nl\/es\/info\/?lang=es\">Nederlands<\/a> | <a href=\"https:\/\/ovaquintet.nl\/es\/info\/?lang=es\">English <\/a> | <a href=\"https:\/\/ovaquintet.nl\/es\/info\/?lang=es\">Espa\u00f1ol<\/a> | <a href=\"https:\/\/ovaquintet.nl\/es\/info\/?lang=es\">Svenska<\/a> |<strong> <a href=\"https:\/\/ovaquintet.nl\/?lang=es\">Volver al sitio web<\/a><\/strong><\/p>\n<p>[\/et_pb_text][\/et_pb_column][\/et_pb_row][et_pb_row _builder_version=\u00bb4.24.2&#8243; _module_preset=\u00bbdefault\u00bb global_colors_info=\u00bb{}\u00bb][et_pb_column type=\u00bb4_4&#8243; _builder_version=\u00bb4.24.2&#8243; _module_preset=\u00bbdefault\u00bb global_colors_info=\u00bb{}\u00bb][et_pb_text _builder_version=\u00bb4.24.2&#8243; _module_preset=\u00bbdefault\u00bb global_colors_info=\u00bb{}\u00bb]<\/p>\n<h1>Ova Quintet Informaci\u00f3n t\u00e9cnica y de prensa<\/h1>\n<p>[\/et_pb_text][\/et_pb_column][\/et_pb_row][et_pb_row column_structure=\u00bb1_5,1_5,3_5&#8243; _builder_version=\u00bb4.24.2&#8243; _module_preset=\u00bbdefault\u00bb global_colors_info=\u00bb{}\u00bb][et_pb_column type=\u00bb1_5&#8243; _builder_version=\u00bb4.24.2&#8243; _module_preset=\u00bbdefault\u00bb global_colors_info=\u00bb{}\u00bb][et_pb_image src=\u00bbhttps:\/\/ovaquintet.nl\/wp-content\/uploads\/2024\/12\/OvaQuintet2024_2_Small.jpg\u00bb title_text=\u00bbOvaQuintet2024_2_Small\u00bb _builder_version=\u00bb4.25.2&#8243; _module_preset=\u00bbdefault\u00bb custom_margin=\u00bb||8px|||\u00bb custom_css_free_form=\u00bbpointer-events: none;\u00bb box_shadow_style=\u00bbpreset1&#8243; global_colors_info=\u00bb{}\u00bb][\/et_pb_image][et_pb_button button_url=\u00bbhttps:\/\/ovaquintet.nl\/wp-content\/uploads\/2024\/12\/OvaQuintet2024_2.jpg\u00bb button_text=\u00bbDescargar imagen\u00bb button_alignment=\u00bbcenter\u00bb _builder_version=\u00bb4.25.2&#8243; _module_preset=\u00bbdefault\u00bb custom_button=\u00bbon\u00bb button_text_size=\u00bb14px\u00bb button_text_color=\u00bb#FFFFFF\u00bb button_bg_color=\u00bb#0C71C3&#8243; button_border_width=\u00bb0px\u00bb button_icon=\u00bb&#xe071;||divi||400&#8243; button_on_hover=\u00bboff\u00bb global_colors_info=\u00bb{}\u00bb][\/et_pb_button][\/et_pb_column][et_pb_column type=\u00bb1_5&#8243; _builder_version=\u00bb4.24.2&#8243; _module_preset=\u00bbdefault\u00bb global_colors_info=\u00bb{}\u00bb][et_pb_image src=\u00bbhttps:\/\/ovaquintet.nl\/wp-content\/uploads\/2024\/12\/OvaQuintet2024_Small.jpg\u00bb title_text=\u00bbOvaQuintet2024_peque\u00f1o\u00bb _builder_version=\u00bb4.25.2&#8243; _module_preset=\u00bbdefault\u00bb custom_margin=\u00bb||8px|||\u00bb custom_css_free_form=\u00bbpointer-events: none;\u00bb box_shadow_style=\u00bbpreset1&#8243; global_colors_info=\u00bb{}\u00bb][\/et_pb_image][et_pb_button button_url=\u00bbhttps:\/\/ovaquintet.nl\/wp-content\/uploads\/2024\/02\/OvaQuintet2024.jpg\u00bb button_text=\u00bbDescargar imagen\u00bb button_alignment=\u00bbcenter\u00bb _builder_version=\u00bb4.25.2&#8243; _module_preset=\u00bbdefault\u00bb custom_button=\u00bbon\u00bb button_text_size=\u00bb14px\u00bb button_text_color=\u00bb#FFFFFF\u00bb button_bg_color=\u00bb#0C71C3&#8243; button_border_width=\u00bb0px\u00bb button_icon=\u00bb&#xe071;||divi||400&#8243; button_on_hover=\u00bboff\u00bb global_colors_info=\u00bb{}\u00bb][\/et_pb_button][\/et_pb_column][et_pb_column type=\u00bb3_5&#8243; _builder_version=\u00bb4.24.2&#8243; _module_preset=\u00bbdefault\u00bb global_colors_info=\u00bb{}\u00bb][et_pb_text _builder_version=\u00bb4.24.2&#8243; _module_preset=\u00bbdefault\u00bb global_colors_info=\u00bb{}\u00bb]<\/p>\n<p><strong>Ova Quintet<\/strong><\/p>\n<p>Paisajes serenos y reflexivos, nubes estruendosas, monta\u00f1as imponentes y arroyos que serpentean alegremente son los ingredientes de la m\u00fasica de Ova Quintet.<\/p>\n<p>Los cuatro m\u00fasicos proceden de distintos \u00e1mbitos musicales: Sander tiene ra\u00edces en el jazz y la m\u00fasica sudamericana con varios tipos de guitarras. Wilco procede de un entorno cl\u00e1sico, pero puede hacer que su viol\u00edn cante las melod\u00edas de Escandinavia. Vincent lleva muchos a\u00f1os tocando el folk irland\u00e9s con el melode\u00f3n diat\u00f3nico y el bodhr\u00e1n. Serxio se cri\u00f3 en Galicia y lleva la m\u00fasica tradicional gallega corriendo por sus venas y en los dulces y edificantes sonidos de su flauta. In\u00e9s estudi\u00f3 contrabajo y aporta a la m\u00fasica los c\u00e1lidos sonidos de Sudam\u00e9rica.<\/p>\n<p>Juntos forman<span> <\/span> Ova<em>Quintet<\/em>, con un sonido bello, ecl\u00e9ctico y en\u00e9rgico que alimenta los pensamientos y eleva los corazones.<\/p>\n<p>[\/et_pb_text][\/et_pb_column][\/et_pb_row][et_pb_row _builder_version=\u00bb4.24.2&#8243; _module_preset=\u00bbdefault\u00bb global_colors_info=\u00bb{}\u00bb][et_pb_column type=\u00bb4_4&#8243; _builder_version=\u00bb4.24.2&#8243; _module_preset=\u00bbdefault\u00bb global_colors_info=\u00bb{}\u00bb][et_pb_divider _builder_version=\u00bb4.24.2&#8243; _module_preset=\u00bbdefault\u00bb global_colors_info=\u00bb{}\u00bb][\/et_pb_divider][\/et_pb_column][\/et_pb_row][et_pb_row _builder_version=\u00bb4.24.2&#8243; _module_preset=\u00bbdefault\u00bb global_colors_info=\u00bb{}\u00bb][et_pb_column type=\u00bb4_4&#8243; _builder_version=\u00bb4.24.2&#8243; _module_preset=\u00bbdefault\u00bb global_colors_info=\u00bb{}\u00bb][et_pb_text _builder_version=\u00bb4.24.2&#8243; _module_preset=\u00bbdefault\u00bb global_colors_info=\u00bb{}\u00bb]<\/p>\n<h2>Informaci\u00f3n t\u00e9cnica<\/h2>\n<p>[\/et_pb_text][\/et_pb_column][\/et_pb_row][et_pb_row column_structure=\u00bb3_5,2_5&#8243; _builder_version=\u00bb4.24.2&#8243; _module_preset=\u00bbdefault\u00bb global_colors_info=\u00bb{}\u00bb][et_pb_column type=\u00bb3_5&#8243; _builder_version=\u00bb4.24.2&#8243; _module_preset=\u00bbdefault\u00bb global_colors_info=\u00bb{}\u00bb][et_pb_text _builder_version=\u00bb4.24.2&#8243; _module_preset=\u00bbdefault\u00bb global_colors_info=\u00bb{}\u00bb]<\/p>\n<p>En la medida de lo posible, Ova Quintet prefiere tocar sin amplificaci\u00f3n o con una amplificaci\u00f3n muy ligera.<br \/>\nEn cualquier situaci\u00f3n amplificaremos ligeramente el contrabajo, la voz y la guitarra. <\/p>\n<p>Si la situaci\u00f3n lo requiere, podemos tocar amplificados.<br \/>\nPodemos llevar un sistema de megafon\u00eda adecuado para audiencias de hasta 350 personas. <\/p>\n<p>Para m\u00e1s informaci\u00f3n, p\u00f3ngase en contacto con Vincent: <a href=\"tel:+31624637507\">+31 (0) 6 24 63 75 07<\/a> o <a href=\"mailto:mailt0:info@ovaquintet.nl\">info@ovaquintet.nl<\/a><\/p>\n<p>[\/et_pb_text][\/et_pb_column][et_pb_column type=\u00bb2_5&#8243; _builder_version=\u00bb4.24.2&#8243; _module_preset=\u00bbdefault\u00bb global_colors_info=\u00bb{}\u00bb][et_pb_button button_url=\u00bbhttps:\/\/docs.google.com\/document\/d\/1grmRlor5r3zU8Srm90qZYBiTTjChbSzgfJmwIt0rGqs\/edit?usp=sharing\u00bb button_text=\u00bbTech Rider\u00bb _builder_version=\u00bb4.24.2&#8243; _module_preset=\u00bbdefault\u00bb custom_button=\u00bbon\u00bb button_text_color=\u00bb#FFFFFF\u00bb button_bg_color=\u00bb#0C71C3&#8243; button_icon=\u00bb&#xe071;||divi||400&#8243; button_on_hover=\u00bboff\u00bb global_colors_info=\u00bb{}\u00bb][\/et_pb_button][\/et_pb_column][\/et_pb_row][\/et_pb_section]<\/p>\n","protected":false},"excerpt":{"rendered":"<p>Nederlands | English | Espa\u00f1ol | Svenska | Volver al sitio webOva Quintet Informaci\u00f3n t\u00e9cnica y de prensaOva Quintet Paisajes serenos y reflexivos, nubes estruendosas, monta\u00f1as imponentes y arroyos que serpentean alegremente son los ingredientes de la m\u00fasica de Ova Quintet. Los cuatro m\u00fasicos proceden de distintos \u00e1mbitos musicales: Sander tiene ra\u00edces en el jazz [&hellip;]<\/p>\n","protected":false},"author":1,"featured_media":0,"parent":0,"menu_order":0,"comment_status":"closed","ping_status":"closed","template":"","meta":{"_et_pb_use_builder":"on","_et_pb_old_content":"","_et_gb_content_width":"","footnotes":""},"class_list":["post-526","page","type-page","status-publish","hentry"],"jetpack_sharing_enabled":true,"_links":{"self":[{"href":"https:\/\/ovaquintet.nl\/es\/wp-json\/wp\/v2\/pages\/526","targetHints":{"allow":["GET"]}}],"collection":[{"href":"https:\/\/ovaquintet.nl\/es\/wp-json\/wp\/v2\/pages"}],"about":[{"href":"https:\/\/ovaquintet.nl\/es\/wp-json\/wp\/v2\/types\/page"}],"author":[{"embeddable":true,"href":"https:\/\/ovaquintet.nl\/es\/wp-json\/wp\/v2\/users\/1"}],"replies":[{"embeddable":true,"href":"https:\/\/ovaquintet.nl\/es\/wp-json\/wp\/v2\/comments?post=526"}],"version-history":[{"count":0,"href":"https:\/\/ovaquintet.nl\/es\/wp-json\/wp\/v2\/pages\/526\/revisions"}],"wp:attachment":[{"href":"https:\/\/ovaquintet.nl\/es\/wp-json\/wp\/v2\/media?parent=526"}],"curies":[{"name":"wp","href":"https:\/\/api.w.org\/{rel}","templated":true}]}}